{"id":92,"date":"2022-11-02T19:21:33","date_gmt":"2022-11-02T18:21:33","guid":{"rendered":"https:\/\/clo-textile.art\/?page_id=92"},"modified":"2026-01-04T21:13:47","modified_gmt":"2026-01-04T20:13:47","slug":"92-2","status":"publish","type":"page","link":"https:\/\/clo-textile.art\/","title":{"rendered":""},"content":{"rendered":"<ul class=\"wp-block-latest-posts__list has-dates has-author aligncenter wp-block-latest-posts\"><li><a class=\"wp-block-latest-posts__post-title\" href=\"https:\/\/clo-textile.art\/index.php\/2026\/01\/04\/exposition-trajet\/\">Exposition \u00ab Trajet \u00bb<\/a><div class=\"wp-block-latest-posts__post-author\">par Claudine Gallon<\/div><time datetime=\"2026-01-04T20:27:10+01:00\" class=\"wp-block-latest-posts__post-date\">4 janvier 2026<\/time><div class=\"wp-block-latest-posts__post-full-content\"><!-- wp:paragraph -->\n<p>A la m\u00e9diath\u00e8que Colette \u00e0 Lisses. Du 6 au 31 janvier 2026.<\/p>\n<!-- \/wp:paragraph -->\n\n<!-- wp:paragraph -->\n<p>Je pr\u00e9sente deux aspects de mon travail: L&rsquo;EXPRESSION D&rsquo;UN PARCOURS et LES T\u00caTES, UNE RECHERCHE SUR DES PERSONNAGES CONNUS OU APER\u00c7US PAR MOI.<\/p>\n<!-- \/wp:paragraph -->\n\n<!-- wp:image {\"id\":334,\"sizeSlug\":\"large\",\"linkDestination\":\"none\"} -->\n<figure class=\"wp-block-image size-large\"><img loading=\"lazy\" decoding=\"async\" width=\"820\" height=\"1024\" src=\"https:\/\/clo-textile.art\/wp-content\/uploads\/2026\/01\/signal-2026-01-04-20-18-16-311-820x1024.jpg\" alt=\"Visuel exposition Trajet\" class=\"wp-image-334\" srcset=\"https:\/\/clo-textile.art\/wp-content\/uploads\/2026\/01\/signal-2026-01-04-20-18-16-311-820x1024.jpg 820w, https:\/\/clo-textile.art\/wp-content\/uploads\/2026\/01\/signal-2026-01-04-20-18-16-311-240x300.jpg 240w, https:\/\/clo-textile.art\/wp-content\/uploads\/2026\/01\/signal-2026-01-04-20-18-16-311-768x959.jpg 768w, https:\/\/clo-textile.art\/wp-content\/uploads\/2026\/01\/signal-2026-01-04-20-18-16-311-1231x1536.jpg 1231w, https:\/\/clo-textile.art\/wp-content\/uploads\/2026\/01\/signal-2026-01-04-20-18-16-311-1200x1498.jpg 1200w, https:\/\/clo-textile.art\/wp-content\/uploads\/2026\/01\/signal-2026-01-04-20-18-16-311.jpg 1282w\" sizes=\"auto, (max-width: 820px) 100vw, 820px\" \/><\/figure>\n<!-- \/wp:image --><\/div><\/li>\n<\/ul>\n\n\n<div class=\"wp-block-columns is-layout-flex wp-container-core-columns-is-layout-9d6595d7 wp-block-columns-is-layout-flex\">\n<div class=\"wp-block-column is-layout-flow wp-block-column-is-layout-flow\" style=\"flex-basis:100%\">\n<div class=\"wp-block-group\"><div class=\"wp-block-group__inner-container is-layout-constrained wp-block-group-is-layout-constrained\">\n<div class=\"wp-block-columns is-layout-flex wp-container-core-columns-is-layout-9d6595d7 wp-block-columns-is-layout-flex\">\n<div class=\"wp-block-column is-vertically-aligned-top is-layout-flow wp-block-column-is-layout-flow\" style=\"flex-basis:100%\"><ul class=\"wp-block-latest-posts__list is-grid columns-3 alignfull wp-block-latest-posts\"><li><a class=\"wp-block-latest-posts__post-title\" href=\"https:\/\/clo-textile.art\/index.php\/2026\/01\/04\/339\/\">Mon travail<\/a><div class=\"wp-block-latest-posts__post-excerpt\">Mon travail rejoint celui de nombreux artistes, dans le sens o\u00f9 je privil\u00e9gie la main avant la t\u00eate. Apr\u00e8s je travaille sur le sujet, un peu<\/div><\/li>\n<li><a class=\"wp-block-latest-posts__post-title\" href=\"https:\/\/clo-textile.art\/index.php\/2023\/03\/13\/la-tapisserie-aujourdhui\/\">La tapisserie aujourd&rsquo;hui<\/a><div class=\"wp-block-latest-posts__post-excerpt\">Du fil \u00e0 la fibre, du processus de tissage \u00e0 la culture des r\u00e9seaux, le tissage entrelace les mondes et les \u00e9poques.Mon art textile s&rsquo;est affranchi de la tradition, gr\u00e2ce \u00e0 son renouveau depuis le milieu du XX\u00e8me si\u00e8cle.Il pr\u00e9tend donner \u00e0 voir en toute libert\u00e9 et en couleurs.<\/div><\/li>\n<li><a class=\"wp-block-latest-posts__post-title\" href=\"https:\/\/clo-textile.art\/index.php\/2022\/11\/02\/pourquoi\/\">Pourquoi ?<\/a><div class=\"wp-block-latest-posts__post-excerpt\">C&rsquo;est doux, color\u00e9, et sans produits chimiques. Aucun solvant.Alors, lorsqu&rsquo;on est sujet aux allergies, on peut s&rsquo;exprimer avec le tissage manuel.<\/div><\/li>\n<\/ul><\/div>\n<\/div>\n<\/div><\/div>\n<\/div>\n<\/div>\n\n\n\n<hr class=\"wp-block-separator has-alpha-channel-opacity\"\/>\n\n\n\n<figure class=\"wp-block-pullquote\"><blockquote><p><q>Les arts sont le plus s\u00fbr moyen de se d\u00e9rober au monde ; ils sont aussi le plus s\u00fbr moyen de s&rsquo;unir avec lui&#8230;<\/q><\/p><cite>Franz Liszt<br>Artiste, Compositeur, Musicien, Pianiste&nbsp;(1811 &#8211; 1886)<\/cite><\/blockquote><\/figure>\n","protected":false},"excerpt":{"rendered":"<p>Les arts sont le plus s\u00fbr moyen de se d\u00e9rober au monde ; ils sont aussi le plus s\u00fbr moyen de s&rsquo;unir avec lui&#8230; Franz LisztArtiste, Compositeur, Musicien, Pianiste&nbsp;(1811 &#8211; 1886)<\/p>\n","protected":false},"author":1,"featured_media":195,"parent":0,"menu_order":0,"comment_status":"closed","ping_status":"closed","template":"","meta":{"footnotes":""},"class_list":["post-92","page","type-page","status-publish","has-post-thumbnail","hentry"],"_links":{"self":[{"href":"https:\/\/clo-textile.art\/index.php\/wp-json\/wp\/v2\/pages\/92","targetHints":{"allow":["GET"]}}],"collection":[{"href":"https:\/\/clo-textile.art\/index.php\/wp-json\/wp\/v2\/pages"}],"about":[{"href":"https:\/\/clo-textile.art\/index.php\/wp-json\/wp\/v2\/types\/page"}],"author":[{"embeddable":true,"href":"https:\/\/clo-textile.art\/index.php\/wp-json\/wp\/v2\/users\/1"}],"replies":[{"embeddable":true,"href":"https:\/\/clo-textile.art\/index.php\/wp-json\/wp\/v2\/comments?post=92"}],"version-history":[{"count":13,"href":"https:\/\/clo-textile.art\/index.php\/wp-json\/wp\/v2\/pages\/92\/revisions"}],"predecessor-version":[{"id":350,"href":"https:\/\/clo-textile.art\/index.php\/wp-json\/wp\/v2\/pages\/92\/revisions\/350"}],"wp:featuredmedia":[{"embeddable":true,"href":"https:\/\/clo-textile.art\/index.php\/wp-json\/wp\/v2\/media\/195"}],"wp:attachment":[{"href":"https:\/\/clo-textile.art\/index.php\/wp-json\/wp\/v2\/media?parent=92"}],"curies":[{"name":"wp","href":"https:\/\/api.w.org\/{rel}","templated":true}]}}